{"id":413,"date":"2014-06-26T14:59:49","date_gmt":"2014-06-26T14:59:49","guid":{"rendered":"http:\/\/unit.routewp.com\/?page_id=413"},"modified":"2018-10-18T14:44:29","modified_gmt":"2018-10-18T18:44:29","slug":"contact-us-basic","status":"publish","type":"page","link":"https:\/\/www.faceopp.com\/en\/contact-us-basic\/","title":{"rendered":"Je m\u2019abonne \u00e0 l\u2019infolettre"},"content":{"rendered":"<p>Une \u00e0 2 fois par mois, l&#8217;OPP vous fait parvenir des informations en primeur, vous rappelle des dates importantes, fait circuler des liens ayant trait \u00e0 la vie scolaire \u00e0 FACE, et vous tient \u00e0 jour sur les discussions actuelles \u00e0 l&#8217;\u00e9cole. Ainsi vous savez quels sont les sujets de l&#8217;heure m\u00eame si vous \u00eates absent-e-s des <a title=\"Je m\u2019inscris au Forum\" href=\"https:\/\/www.faceopp.com\/?page_id=5448\">forums de discussion<\/a>.<\/p>\n<p>L&#8217;infolettre permet \u00e9galement \u00e0 des repr\u00e9sentants des parents au Conseil d&#8217;\u00e9tablissement ou aux Commissions scolaires (CSDM et EMSB) de contacter les autres parents de l&#8217;\u00e9cole sur des sujets pr\u00e9cis.<\/p>\n<p>L&#8217;abonnement est rapide, et le d\u00e9sabonnement facile en tout temps !<\/p>\n","protected":false},"excerpt":{"rendered":"<p>Une \u00e0 2 fois par mois, l&#8217;OPP vous fait parvenir des informations en primeur, vous rappelle des dates importantes, fait circuler des liens ayant trait \u00e0 la vie scolaire \u00e0 FACE, et vous tient \u00e0 jour sur les discussions actuelles \u00e0 l&#8217;\u00e9cole. Ainsi vous savez quels sont les sujets de l&#8217;heure m\u00eame si vous \u00eates [&hellip;]<\/p>\n","protected":false},"author":101018,"featured_media":0,"parent":0,"menu_order":0,"comment_status":"open","ping_status":"open","template":"","meta":{"footnotes":""},"class_list":["post-413","page","type-page","status-publish","hentry"],"_links":{"self":[{"href":"https:\/\/www.faceopp.com\/en\/wp-json\/wp\/v2\/pages\/413","targetHints":{"allow":["GET"]}}],"collection":[{"href":"https:\/\/www.faceopp.com\/en\/wp-json\/wp\/v2\/pages"}],"about":[{"href":"https:\/\/www.faceopp.com\/en\/wp-json\/wp\/v2\/types\/page"}],"author":[{"embeddable":true,"href":"https:\/\/www.faceopp.com\/en\/wp-json\/wp\/v2\/users\/101018"}],"replies":[{"embeddable":true,"href":"https:\/\/www.faceopp.com\/en\/wp-json\/wp\/v2\/comments?post=413"}],"version-history":[{"count":10,"href":"https:\/\/www.faceopp.com\/en\/wp-json\/wp\/v2\/pages\/413\/revisions"}],"predecessor-version":[{"id":7179,"href":"https:\/\/www.faceopp.com\/en\/wp-json\/wp\/v2\/pages\/413\/revisions\/7179"}],"wp:attachment":[{"href":"https:\/\/www.faceopp.com\/en\/wp-json\/wp\/v2\/media?parent=413"}],"curies":[{"name":"wp","href":"https:\/\/api.w.org\/{rel}","templated":true}]}}