{"id":415,"date":"2014-06-26T15:00:01","date_gmt":"2014-06-26T15:00:01","guid":{"rendered":"http:\/\/unit.routewp.com\/?page_id=415"},"modified":"2025-04-09T15:31:40","modified_gmt":"2025-04-09T19:31:40","slug":"contacts","status":"publish","type":"page","link":"https:\/\/www.faceopp.com\/en\/contacts\/","title":{"rendered":"Je contacte l&#8217;OPP"},"content":{"rendered":"<p><strong>OPP de l&#8217;\u00e9cole FACE<\/strong><br \/>\n3449, rue Universit\u00e9,<br \/>\nMontr\u00e9al (Qu\u00e9bec) H3A 2A8<\/p>\n<p>Vous cherchez une information que vous ne trouvez pas ?<\/p>\n<p>Vous avez des questions, un commentaire, des suggestions ?<\/p>\n<p>Contactez-nous ci-contre et il nous fera plaisir de vous aider.<\/p>\n<p>Vos id\u00e9es font nos projets !<\/p>\n<div><strong><u>Quelques liens indispensables \/ ressources:<\/u><\/strong><\/div>\n<ul>\n<li><strong><u><a href=\"https:\/\/face.cssdm.gouv.qc.ca\/rentree-scolaire-2022-2023\/\" target=\"_blank\" rel=\"noopener\" data-saferedirecturl=\"https:\/\/www.google.com\/url?q=https:\/\/face.cssdm.gouv.qc.ca\/rentree-scolaire-2022-2023\/&amp;source=gmail&amp;ust=1664415665710000&amp;usg=AOvVaw1Z92XASxPyPparNGhf4jud\">Rentr\u00e9e scolaire<\/a><\/u><\/strong> Quoi &amp; comment pour la rentr\u00e9e<\/li>\n<li><a href=\"https:\/\/face.cssdm.gouv.qc.ca\/files\/FGJ-Calendrier-2022-2023.pdf\" target=\"_blank\" rel=\"noopener\" data-saferedirecturl=\"https:\/\/www.google.com\/url?q=https:\/\/face.cssdm.gouv.qc.ca\/files\/FGJ-Calendrier-2022-2023.pdf&amp;source=gmail&amp;ust=1664415665710000&amp;usg=AOvVaw07dk7x2poy3c4cd-6SBvdU\"><strong>Calendrier scolaire<\/strong><\/a> Quel jour sommes-nous et quand sont les journ\u00e9es p\u00e9dagogiques?<\/li>\n<li><strong><a href=\"https:\/\/www.facebook.com\/groups\/parentsface\" target=\"_blank\" rel=\"noopener\" data-saferedirecturl=\"https:\/\/www.google.com\/url?q=https:\/\/www.facebook.com\/groups\/parentsface&amp;source=gmail&amp;ust=1664415665710000&amp;usg=AOvVaw3QqdgHJa6bpedrkxLExBup\">Les parents de FACE<\/a><\/strong><a href=\"https:\/\/www.facebook.com\/groups\/parentsface\" target=\"_blank\" rel=\"noopener\" data-saferedirecturl=\"https:\/\/www.google.com\/url?q=https:\/\/www.facebook.com\/groups\/parentsface&amp;source=gmail&amp;ust=1664415665710000&amp;usg=AOvVaw3QqdgHJa6bpedrkxLExBup\">\u00a0<\/a>(Facebook -groupe priv\u00e9) Nouvelles &amp; Questions d&#8217;ordre g\u00e9n\u00e9ral entre parents<\/li>\n<li><strong><a href=\"https:\/\/www.facebook.com\/ecoleFACE\" target=\"_blank\" rel=\"noopener\" data-saferedirecturl=\"https:\/\/www.google.com\/url?q=https:\/\/www.facebook.com\/ecoleFACE&amp;source=gmail&amp;ust=1664415665710000&amp;usg=AOvVaw320XyETefW5yeSIo1snhvc\"><u>Facebook &#8211; \u00c9cole FACE <\/u><\/a><\/strong><\/li>\n<li><strong><a href=\"https:\/\/face.cssdm.gouv.qc.ca\/files\/Adresses-courriel-du-personnel-enseignant_2022-2023.pdf\" target=\"_blank\" rel=\"noopener\" data-saferedirecturl=\"https:\/\/www.google.com\/url?q=https:\/\/face.cssdm.gouv.qc.ca\/files\/Adresses-courriel-du-personnel-enseignant_2022-2023.pdf&amp;source=gmail&amp;ust=1664415665710000&amp;usg=AOvVaw06TgNREz5yboDOUEblvlDr\">Les courriels des enseignant-e-s<\/a><\/strong><\/li>\n<li><strong><a href=\"https:\/\/face.cssdm.gouv.qc.ca\/parents\/sites-web-des-enseignants-2\/\" target=\"_blank\" rel=\"noopener\" data-saferedirecturl=\"https:\/\/www.google.com\/url?q=https:\/\/face.cssdm.gouv.qc.ca\/parents\/sites-web-des-enseignants-2\/&amp;source=gmail&amp;ust=1664415665710000&amp;usg=AOvVaw2oCBsCQnpvWFEC6WxV0vPt\">Les sites des profs<\/a><\/strong><\/li>\n<li><strong><a href=\"https:\/\/portailparents.ca\/\" target=\"_blank\" rel=\"noopener\" data-saferedirecturl=\"https:\/\/www.google.com\/url?q=https:\/\/portailparents.ca\/&amp;source=gmail&amp;ust=1664415665710000&amp;usg=AOvVaw0WAONE0mzYFVHSdK1nP06_\">Le\u00a0<\/a><a href=\"https:\/\/portailparents.ca\/\" target=\"_blank\" rel=\"noopener\" data-saferedirecturl=\"https:\/\/www.google.com\/url?q=https:\/\/portailparents.ca\/&amp;source=gmail&amp;ust=1664415665710000&amp;usg=AOvVaw0WAONE0mzYFVHSdK1nP06_\">portail des parents<\/a><\/strong> (Moza\u00efk)\n<ul>\n<li>Recharger la carte de caf\u00e9t\u00e9ria<\/li>\n<li>Voir les bulletins<\/li>\n<li>Voir les absences<\/li>\n<li>Finances (\u00e9tat des comptes)<\/li>\n<li>Inscription au SDG<\/li>\n<li>Relev\u00e9s fiscaux (SDG)<\/li>\n<li>Soutien au parents<\/li>\n<\/ul>\n<\/li>\n<\/ul>\n<p><span style=\"text-decoration: underline;\"><strong>L&#8217;\u00c9quipe des directions adjointes sont l\u00e0:<\/strong><\/span><\/p>\n<p>Toutes questions par rapport \u00e0 votre enfant (probl\u00e8me en classe, probl\u00e8me d&#8217;apprentissage, probl\u00e8me de prof, probl\u00e8me avec d&#8217;autres \u00e9l\u00e8ves, probl\u00e8mes personnels, etc).<\/p>\n<ul>\n<li><strong><a href=\"mailto:roy.ge@csdm.qc.ca\" target=\"_blank\" rel=\"noopener\">Primaire- Genevi\u00e8ve Roy<\/a><\/strong><\/li>\n<li><strong><a href=\"mailto:richard.al@csdm.qc.ca\" target=\"_blank\" rel=\"noopener\">Secondaire &#8211; Alexis Richard<\/a><\/strong><\/li>\n<li><strong><a href=\"https:\/\/face.cssdm.gouv.qc.ca\/ecole\/non-a-lintimidation\/\" target=\"_blank\" rel=\"noopener\" data-saferedirecturl=\"https:\/\/www.google.com\/url?q=https:\/\/face.cssdm.gouv.qc.ca\/ecole\/non-a-lintimidation\/&amp;source=gmail&amp;ust=1664415665710000&amp;usg=AOvVaw2J-hhHBWrSXgFeUHcY8z3v\">Plan contre l&#8217;intimidation<\/a><\/strong><\/li>\n<li><strong><a href=\"https:\/\/face.cssdm.gouv.qc.ca\/comite-de-vigie\/\" target=\"_blank\" rel=\"noopener\" data-saferedirecturl=\"https:\/\/www.google.com\/url?q=https:\/\/face.cssdm.gouv.qc.ca\/comite-de-vigie\/&amp;source=gmail&amp;ust=1664415665710000&amp;usg=AOvVaw2y7EmHwRvEibtSuGu-iGgI\">Relocalisation de l&#8217;\u00e9cole<\/a><\/strong>\n<ul>\n<li>Primaire &#8211; Automne 2024 &#8211; 4835 rue Christophe-Colomb Christophe Colomb<\/li>\n<li>Secondaire &#8211; \u00e0 d\u00e9terminer &#8211; 4251 rue Saint-Urbain (b\u00e2tisse de l&#8217;ancien Sun Youth sur St-Urbain proche de Duluth)<\/li>\n<\/ul>\n<\/li>\n<li><strong><a href=\"https:\/\/face.cssdm.gouv.qc.ca\/ecole\/structure-fonctionnement\/\" target=\"_blank\" rel=\"noopener\" data-saferedirecturl=\"https:\/\/www.google.com\/url?q=https:\/\/face.cssdm.gouv.qc.ca\/ecole\/structure-fonctionnement\/&amp;source=gmail&amp;ust=1664415665710000&amp;usg=AOvVaw35j9k8Zj-UZ5IR8EVN1n1G\">Le conseil d&#8217;\u00e9tablissement &amp; proc\u00e8s-verbaux des rencontres<\/a><\/strong><\/li>\n<li><strong><a href=\"https:\/\/fondationface.ca\/\" target=\"_blank\" rel=\"noopener\" data-saferedirecturl=\"https:\/\/www.google.com\/url?q=https:\/\/fondationface.ca\/&amp;source=gmail&amp;ust=1664415665710000&amp;usg=AOvVaw34fFqAzwke-C_EIh6TERc_\">La Fondation<\/a><\/strong> Contribuez et rejoignez l&#8217;\u00e9quipe de La Fondation FACE! <a href=\"mailto:info@fondationface.ca\" target=\"_blank\" rel=\"noopener noreferrer\">info@fondationface.ca<\/a><\/li>\n<\/ul>\n<p><\/p>","protected":false},"excerpt":{"rendered":"<p>OPP de l&#8217;\u00e9cole FACE 3449, rue Universit\u00e9, Montr\u00e9al (Qu\u00e9bec) H3A 2A8 Vous cherchez une information que vous ne trouvez pas ? Vous avez des questions, un commentaire, des suggestions ? Contactez-nous ci-contre et il nous fera plaisir de vous aider. Vos id\u00e9es font nos projets ! Quelques liens indispensables \/ ressources: Rentr\u00e9e scolaire Quoi &amp; [&hellip;]<\/p>\n","protected":false},"author":101018,"featured_media":0,"parent":0,"menu_order":0,"comment_status":"open","ping_status":"open","template":"","meta":{"footnotes":""},"class_list":["post-415","page","type-page","status-publish","hentry"],"_links":{"self":[{"href":"https:\/\/www.faceopp.com\/en\/wp-json\/wp\/v2\/pages\/415","targetHints":{"allow":["GET"]}}],"collection":[{"href":"https:\/\/www.faceopp.com\/en\/wp-json\/wp\/v2\/pages"}],"about":[{"href":"https:\/\/www.faceopp.com\/en\/wp-json\/wp\/v2\/types\/page"}],"author":[{"embeddable":true,"href":"https:\/\/www.faceopp.com\/en\/wp-json\/wp\/v2\/users\/101018"}],"replies":[{"embeddable":true,"href":"https:\/\/www.faceopp.com\/en\/wp-json\/wp\/v2\/comments?post=415"}],"version-history":[{"count":7,"href":"https:\/\/www.faceopp.com\/en\/wp-json\/wp\/v2\/pages\/415\/revisions"}],"predecessor-version":[{"id":7749,"href":"https:\/\/www.faceopp.com\/en\/wp-json\/wp\/v2\/pages\/415\/revisions\/7749"}],"wp:attachment":[{"href":"https:\/\/www.faceopp.com\/en\/wp-json\/wp\/v2\/media?parent=415"}],"curies":[{"name":"wp","href":"https:\/\/api.w.org\/{rel}","templated":true}]}}