{"id":5312,"date":"2015-01-19T01:28:10","date_gmt":"2015-01-19T01:28:10","guid":{"rendered":"https:\/\/www.faceopp.com\/?page_id=5312"},"modified":"2020-09-13T15:20:23","modified_gmt":"2020-09-13T19:20:23","slug":"le-point-sur-linfirmerie-a-face","status":"publish","type":"page","link":"https:\/\/www.faceopp.com\/en\/sa-sante-sa-securite\/le-point-sur-linfirmerie-a-face\/","title":{"rendered":"L\u2019infirmerie"},"content":{"rendered":"<p>Malgr\u00e9 la pr\u00e9sence d&#8217;une infirmi\u00e8re scolaire, \u00e0 l&#8217;infirmerie, <strong>les premiers soins sont assur\u00e9s par des parents b\u00e9n\u00e9voles,<\/strong> un des postes de b\u00e9n\u00e9volat les plus importants au bon fonctionnement de l&#8217;\u00e9cole. Ils aident les \u00e9l\u00e8ves ayant des blessures ou malaises mineurs. <strong>Ils ne sont pas des professionnels de la sant\u00e9.<\/strong><\/p>\n<p>Quand un \u00e9l\u00e8ve est malade, ils avisent les parents, qui ont la responsabilit\u00e9 de prendre leur enfant en charge dans les plus brefs d\u00e9lais. Ni l&#8217;\u00e9cole ni les b\u00e9n\u00e9voles de l&#8217;infirmerie ne peuvent assumer la garde et la surveillance des enfants malades.<\/p>\n<p><strong>Un \u00e9l\u00e8ve qui ne se sent pas bien le matin doit rester \u00e0 la maison.<\/strong> (Informer l&#8217;\u00e9cole entre 7h30 et 8h30 le matin au secr\u00e9tariat de son niveau scolaire.)<strong>Absolument, c&#8217;est m\u00eame indispensable<\/strong> pour que l&#8217;infirmerie soit ouverte !<\/p>\n<p>Le recrutement des b\u00e9n\u00e9voles de l&#8217;infirmerie fait partie de la t\u00e2che de Michelle Vachon, coordonnatrice \u00e0 l&#8217;action communautaire. Les b\u00e9n\u00e9voles de l&#8217;infirmerie doivent :<\/p>\n<ul>\n<li>avoir une bonne connaissance de l&#8217;anglais et du fran\u00e7ais<\/li>\n<li>avoir une formation de base en secourisme<\/li>\n<li>\u00eatre pr\u00eat-e-s \u00e0 assurer une pr\u00e9sence <strong>3h\/semaine<\/strong> (possibilit\u00e9 d\u2019\u00eatre jumel\u00e9-e \u00e0 un autre parent pour le partage du bloc d\u2019heures)<\/li>\n<\/ul>\n<p>Une formation administrative et un cours en premiers soins sont habituellement offerts par l&#8217;infirmi\u00e8re.<\/p>\n<p>Si vous avez le temps et si vous remplissez ces crit\u00e8res, n&#8217;h\u00e9sitez pas \u00e0 contacter Michelle directement : 514-350-8899 #8032, ou bien <a href=\"mailto:face.michelle.g.vachon@gmail.com\">face.michelle.g.vachon@gmail.com<\/a><strong>L&#8217;infirmi\u00e8re joue un r\u00f4le de surveillance de la sant\u00e9 publique : <\/strong>elle collecte les renseignements sur le taux de vaccination, elle assure le suivi des dossiers m\u00e9dicaux (maladies chroniques), elle agit \u00e0 titre pr\u00e9ventif en collaboration avec le personnel de l&#8217;\u00e9cole (identifier certains probl\u00e8mes qui pourraient affecter la qualit\u00e9 de vie de votre enfant \u00e0 l&#8217;\u00e9cole, par exemple), etc&#8230; Son r\u00f4le est donc d&#8217;agir principalement en<strong> pr\u00e9vention et en promotion de la sant\u00e9 aupr\u00e8s des \u00e9l\u00e8ves<\/strong> et de leur famille.<strong><br \/>\n<\/strong><\/p>\n<p>Si vous avez des questions, vous pouvez la contacter : Annie Sauvageau au 514-350-8899 poste 8039. Elle est fournie \u00e0 l&#8217;\u00e9cole par le CIUSSS, sur une base de 4 jours\/semaine.<\/p>\n<p><a href=\"https:\/\/www.faceopp.com\/sa-sante-sa-securite\/les-vaccins-a-lecole\/\">Pour des informations sur les vaccins donn\u00e9s \u00e0 l&#8217;\u00e9cole, cliquez ici.<\/a>L&#8217;infirmi\u00e8re assure \u00e9galement le suivi des dossiers m\u00e9dicaux. Pour les maladies chroniques et m\u00e9dicaments \u00e0 administrer \u00e0 l&#8217;enfant, contactez-la au 514-350-8899, poste 8039 : elle vous fera remplir les documents n\u00e9cessaires au suivi m\u00e9dical de votre enfant.<\/p>\n<p><strong>Dans le cas d&#8217;allergies tr\u00e8s s\u00e9v\u00e8res,<\/strong> vous devez fournir \u00e0 l&#8217;infirmi\u00e8re 2 photos de l&#8217;ann\u00e9e, format passeport, portant \u00e0 l&#8217;endos le&nbsp; nom de l&#8217;\u00e9l\u00e8ve. Ces mesures sont n\u00e9cessaires \u00e0 la s\u00e9curit\u00e9 de votre enfant.<strong>Aucun m\u00e9dicament ou produit en vente libre ne peuvent \u00eatre administr\u00e9s aux enfants par le personnel de l&#8217;\u00e9cole.<\/strong> C&#8217;est un des grands changements par rapport au CPE. Si votre enfant est malade le matin, ne l&#8217;envoyez pas \u00e0 l&#8217;\u00e9cole en pensant qu&#8217;il pourra obtenir un peu de Tylenol \u00e0 l&#8217;infirmerie quand il ne se sentira pas bien !<\/p>\n<p><strong>Seuls les m\u00e9dicaments prescrits par un m\u00e9decin et sur autorisation \u00e9crite<\/strong> <strong>des parents dans l&#8217;agenda <\/strong>scolaire peuvent \u00eatre administr\u00e9s aux \u00e9l\u00e8ves. On parle donc seulement les enfants souffrant d&#8217;une maladie chronique n\u00e9cessitant la prise de m\u00e9dicaments \u00e0 heures fixes. Le dosage, la fr\u00e9quence et les effets secondaires possibles doivent \u00eatre r\u00e9dig\u00e9s clairement par le m\u00e9decin.C&#8217;est une responsabilit\u00e9 parentale. Lisez notre page d\u00e9di\u00e9e ici : <a href=\"https:\/\/www.faceopp.com\/les-poux\/\">https:\/\/www.faceopp.com\/les-poux\/<\/a><\/p>\n<p>Toutefois en septembre et janvier les parents b\u00e9n\u00e9voles (la &#8220;Pou-lice&#8221;) examinent la t\u00eate de tous les enfants de la pr\u00e9maternelle \u00e0 la 6e ann\u00e9e du primaire afin d&#8217;\u00e9viter une \u00e9pid\u00e9mie. Michelle Vachon lance habituellement un appel parmi les parents ayant<\/p>\n<p>En tout temps, avisez imm\u00e9diatement la secr\u00e9taire du primaire si votre enfant a des poux : 514-350-8899, poste 8009.<\/p>\n","protected":false},"excerpt":{"rendered":"<p>Malgr\u00e9 la pr\u00e9sence d&#8217;une infirmi\u00e8re scolaire, \u00e0 l&#8217;infirmerie, les premiers soins sont assur\u00e9s par des parents b\u00e9n\u00e9voles, un des postes de b\u00e9n\u00e9volat les plus importants au bon fonctionnement de l&#8217;\u00e9cole. Ils aident les \u00e9l\u00e8ves ayant des blessures ou malaises mineurs. Ils ne sont pas des professionnels de la sant\u00e9. Quand un \u00e9l\u00e8ve est malade, ils [&hellip;]<\/p>\n","protected":false},"author":101018,"featured_media":0,"parent":5300,"menu_order":0,"comment_status":"open","ping_status":"open","template":"","meta":{"footnotes":""},"class_list":["post-5312","page","type-page","status-publish","hentry"],"_links":{"self":[{"href":"https:\/\/www.faceopp.com\/en\/wp-json\/wp\/v2\/pages\/5312","targetHints":{"allow":["GET"]}}],"collection":[{"href":"https:\/\/www.faceopp.com\/en\/wp-json\/wp\/v2\/pages"}],"about":[{"href":"https:\/\/www.faceopp.com\/en\/wp-json\/wp\/v2\/types\/page"}],"author":[{"embeddable":true,"href":"https:\/\/www.faceopp.com\/en\/wp-json\/wp\/v2\/users\/101018"}],"replies":[{"embeddable":true,"href":"https:\/\/www.faceopp.com\/en\/wp-json\/wp\/v2\/comments?post=5312"}],"version-history":[{"count":8,"href":"https:\/\/www.faceopp.com\/en\/wp-json\/wp\/v2\/pages\/5312\/revisions"}],"predecessor-version":[{"id":7163,"href":"https:\/\/www.faceopp.com\/en\/wp-json\/wp\/v2\/pages\/5312\/revisions\/7163"}],"up":[{"embeddable":true,"href":"https:\/\/www.faceopp.com\/en\/wp-json\/wp\/v2\/pages\/5300"}],"wp:attachment":[{"href":"https:\/\/www.faceopp.com\/en\/wp-json\/wp\/v2\/media?parent=5312"}],"curies":[{"name":"wp","href":"https:\/\/api.w.org\/{rel}","templated":true}]}}