{"id":5326,"date":"2015-01-19T01:41:24","date_gmt":"2015-01-19T01:41:24","guid":{"rendered":"https:\/\/www.faceopp.com\/?page_id=5326"},"modified":"2020-09-13T10:10:19","modified_gmt":"2020-09-13T14:10:19","slug":"les-activites-extra-scolaires","status":"publish","type":"page","link":"https:\/\/www.faceopp.com\/en\/le-fun-a-lecole\/les-activites-extra-scolaires\/","title":{"rendered":"Les activit\u00e9s extra-scolaires"},"content":{"rendered":"<p>Cette page se remplit au fur et \u00e0 mesure &#8212; il y a de <a href=\"http:\/\/face.csdm.ca\/activites\/parascolaires\/\">tr\u00e8s nombreuses activit\u00e9s parascolaires \u00e0 FACE,<\/a> selon les \u00e2ges et les int\u00e9r\u00eats, ainsi que de nombreux voyages culturels.<\/p>\n<p>Notez que la plupart de ces activit\u00e9s sont payantes, mais pas toutes. Renseignez-vous aupr\u00e8s de leurs organisateurs.<\/p>\n<p>**<\/p>\n<ul>\n<li>Club d&#8217;\u00e9checs : jeudi de 14h50 \u00e0 15h50 (<strong>3-4-5-6e ann\u00e9es<\/strong>) et mardi, de 14h55 \u00e0 15h55 (<strong>1-2e ann\u00e9es<\/strong>) dans les classes 354, 355 et 356. Contact, informations et inscription : <a href=\"mailto:echecsface@gmail.com\">echecsface@gmail.com<\/a><\/li>\n<li><a href=\"https:\/\/facesuzuki.wordpress.com\/\">Cours Suzuki<\/a> pour les tout-petits (renseignements et inscriptions en d\u00e9but d&#8217;ann\u00e9e)<\/li>\n<li><a href=\"http:\/\/www2.csdm.qc.ca\/enseignants-face\/josee_vaillancourt\/josee\/Projet_Lunch.html\">Le Projet Lunch<\/a> &#8211; activit\u00e9s sur l&#8217;heure du midi pour les <strong>5e et 6e ann\u00e9es<\/strong>, chapeaut\u00e9 par les enseignants<\/li>\n<li><a href=\"http:\/\/geordie.ca\/after-school-classes-f-a-c-e\/\">Geordie&#8217;s Theater<\/a> &#8211; cours et productions de th\u00e9\u00e2tre en anglais (<strong>1e \u00e0 6e ann\u00e9es, EMSB<\/strong>)<\/li>\n<li><a href=\"http:\/\/faceupmontreal.weebly.com\/\">Face Up!<\/a> &#8211; des activit\u00e9s sportives et artistiques pour le bien-\u00eatre des enfants du primaire, offert par la Fondation<\/li>\n<li>Clubs sportifs (<strong>secondaire<\/strong>) &#8212; soccer gar\u00e7ons \/ filles, basket-ball filles, volley-ball filles, badminton et cross-country &#8212; responsable : Jacques Archambault<\/li>\n<\/ul>\n<p>PLUS D&#8217;INFORMATIONS \u00c0 VENIR<\/p>\n","protected":false},"excerpt":{"rendered":"<p>Cette page se remplit au fur et \u00e0 mesure &#8212; il y a de tr\u00e8s nombreuses activit\u00e9s parascolaires \u00e0 FACE, selon les \u00e2ges et les int\u00e9r\u00eats, ainsi que de nombreux voyages culturels. Notez que la plupart de ces activit\u00e9s sont payantes, mais pas toutes. Renseignez-vous aupr\u00e8s de leurs organisateurs. ** Club d&#8217;\u00e9checs : jeudi de [&hellip;]<\/p>\n","protected":false},"author":101018,"featured_media":0,"parent":5322,"menu_order":0,"comment_status":"open","ping_status":"open","template":"","meta":{"footnotes":""},"class_list":["post-5326","page","type-page","status-publish","hentry"],"_links":{"self":[{"href":"https:\/\/www.faceopp.com\/en\/wp-json\/wp\/v2\/pages\/5326","targetHints":{"allow":["GET"]}}],"collection":[{"href":"https:\/\/www.faceopp.com\/en\/wp-json\/wp\/v2\/pages"}],"about":[{"href":"https:\/\/www.faceopp.com\/en\/wp-json\/wp\/v2\/types\/page"}],"author":[{"embeddable":true,"href":"https:\/\/www.faceopp.com\/en\/wp-json\/wp\/v2\/users\/101018"}],"replies":[{"embeddable":true,"href":"https:\/\/www.faceopp.com\/en\/wp-json\/wp\/v2\/comments?post=5326"}],"version-history":[{"count":8,"href":"https:\/\/www.faceopp.com\/en\/wp-json\/wp\/v2\/pages\/5326\/revisions"}],"predecessor-version":[{"id":6224,"href":"https:\/\/www.faceopp.com\/en\/wp-json\/wp\/v2\/pages\/5326\/revisions\/6224"}],"up":[{"embeddable":true,"href":"https:\/\/www.faceopp.com\/en\/wp-json\/wp\/v2\/pages\/5322"}],"wp:attachment":[{"href":"https:\/\/www.faceopp.com\/en\/wp-json\/wp\/v2\/media?parent=5326"}],"curies":[{"name":"wp","href":"https:\/\/api.w.org\/{rel}","templated":true}]}}