{"id":5339,"date":"2015-01-19T01:52:55","date_gmt":"2015-01-19T01:52:55","guid":{"rendered":"https:\/\/www.faceopp.com\/?page_id=5339"},"modified":"2020-09-13T15:29:04","modified_gmt":"2020-09-13T19:29:04","slug":"arts-dramatiques","status":"publish","type":"page","link":"https:\/\/www.faceopp.com\/en\/vie-scolaire\/arts-dramatiques\/","title":{"rendered":"Arts dramatiques"},"content":{"rendered":"<p>\u00c0 FACE, les \u00e9l\u00e8ves se produisent r\u00e9guli\u00e8rement lors de pi\u00e8ces de th\u00e9\u00e2tre. Qu&#8217;il s&#8217;agisse d&#8217;une participation \u00e0 un festival ou d&#8217;une repr\u00e9sentation de fin d&#8217;ann\u00e9e, <strong>ces prestations devant public sont obligatoires et peuvent servir \u00e0 l&#8217;\u00e9valuation.<\/strong> En effet, pour permettre aux \u00e9l\u00e8ves d&#8217;accumuler le nombre appropri\u00e9 d&#8217;unit\u00e9s n\u00e9cessaires \u00e0 l&#8217;obtention du dipl\u00f4me de secondaire 5, les cours d&#8217;art sont soumis \u00e0 des exigences plus \u00e9lev\u00e9es \u00e0 FACE que celles prescrites par le Minist\u00e8re.<\/p>\n<p>Au pr\u00e9scolaire, l&#8217;art dramatique se vit par l&#8217;interm\u00e9diaire de po\u00e8mes \u00e0 apprendre et r\u00e9citer par c\u0153ur.<\/p>\n<p>Au 1er cycle du primaire, le cours d&#8217;art dramatique est donn\u00e9 par le professeur de fran\u00e7ais, et consiste \u00e0 l&#8217;apprentissage de petits r\u00f4les dans des sayn\u00e8tes pr\u00e9\u00e9crites, par petits groupes d&#8217;\u00e9l\u00e8ves.<\/p>\n<p>D\u00e8s le 2e cycle du primaire, les \u00e9l\u00e8ves ont un professeur sp\u00e9cialis\u00e9 et explorent des th\u00e8mes pr\u00e9cis comme l&#8217;art clownesque par exemple. En plus d&#8217;une partie th\u00e9orique (historique, etc.) on leur demande d&#8217;inventer et de jouer des sc\u00e8nes. Certaines classes montent une pi\u00e8ce de th\u00e9\u00e2tre qu&#8217;ils pr\u00e9sentent aux parents.<\/p>\n<p>Au secondaire, chaque classe a une &#8220;semaine de production&#8221; pour monter enti\u00e8rement une pi\u00e8ce de th\u00e9\u00e2tre, \u00e0 laquelle tous les \u00e9l\u00e8ves participent : acteurs bien s\u00fbr, mais aussi musique, mise en sc\u00e8ne, d\u00e9cors, costumes, vente de billets, promotion&#8230; on touche \u00e0 tout, chacun selon son talent. Les premi\u00e8res pi\u00e8ces sont pr\u00e9sent\u00e9es en hiver, vers le mois de f\u00e9vrier, par les plus grands du secondaire (qui doivent ensuite se consacrer \u00e0 leurs examens), puis les autres s&#8217;\u00e9tagent jusqu&#8217;au mois de juin.<\/p>\n<p>Bien s\u00fbr, l&#8217;ensemble des \u00e9l\u00e8ves de FACE va r\u00e9guli\u00e8rement voir des productions th\u00e9\u00e2trales hors les murs, notamment \u00e0 la Maison Th\u00e9\u00e2tre rue Ontario, au moins 1 fois par an. Ces sorties scolaires sont obligatoires et enti\u00e8rement gratuites (sauf les frais de transport STM s&#8217;il y en a), financ\u00e9es par la CSDM. Elles sont approuv\u00e9es par le Conseil d&#8217;\u00e9tablissement. La plupart du temps, les enseignants demandent des parents accompagnateurs : vous pouvez vous inscrire sur la feuille d&#8217;autorisation que vous devrez signer avant chaque sortie.<\/p>\n","protected":false},"excerpt":{"rendered":"<p>\u00c0 FACE, les \u00e9l\u00e8ves se produisent r\u00e9guli\u00e8rement lors de pi\u00e8ces de th\u00e9\u00e2tre. Qu&#8217;il s&#8217;agisse d&#8217;une participation \u00e0 un festival ou d&#8217;une repr\u00e9sentation de fin d&#8217;ann\u00e9e, ces prestations devant public sont obligatoires et peuvent servir \u00e0 l&#8217;\u00e9valuation. En effet, pour permettre aux \u00e9l\u00e8ves d&#8217;accumuler le nombre appropri\u00e9 d&#8217;unit\u00e9s n\u00e9cessaires \u00e0 l&#8217;obtention du dipl\u00f4me de secondaire 5, [&hellip;]<\/p>\n","protected":false},"author":101018,"featured_media":0,"parent":5362,"menu_order":0,"comment_status":"open","ping_status":"open","template":"","meta":{"footnotes":""},"class_list":["post-5339","page","type-page","status-publish","hentry"],"_links":{"self":[{"href":"https:\/\/www.faceopp.com\/en\/wp-json\/wp\/v2\/pages\/5339","targetHints":{"allow":["GET"]}}],"collection":[{"href":"https:\/\/www.faceopp.com\/en\/wp-json\/wp\/v2\/pages"}],"about":[{"href":"https:\/\/www.faceopp.com\/en\/wp-json\/wp\/v2\/types\/page"}],"author":[{"embeddable":true,"href":"https:\/\/www.faceopp.com\/en\/wp-json\/wp\/v2\/users\/101018"}],"replies":[{"embeddable":true,"href":"https:\/\/www.faceopp.com\/en\/wp-json\/wp\/v2\/comments?post=5339"}],"version-history":[{"count":5,"href":"https:\/\/www.faceopp.com\/en\/wp-json\/wp\/v2\/pages\/5339\/revisions"}],"predecessor-version":[{"id":6144,"href":"https:\/\/www.faceopp.com\/en\/wp-json\/wp\/v2\/pages\/5339\/revisions\/6144"}],"up":[{"embeddable":true,"href":"https:\/\/www.faceopp.com\/en\/wp-json\/wp\/v2\/pages\/5362"}],"wp:attachment":[{"href":"https:\/\/www.faceopp.com\/en\/wp-json\/wp\/v2\/media?parent=5339"}],"curies":[{"name":"wp","href":"https:\/\/api.w.org\/{rel}","templated":true}]}}