{"id":5342,"date":"2015-01-19T01:55:11","date_gmt":"2015-01-19T01:55:11","guid":{"rendered":"https:\/\/www.faceopp.com\/?page_id=5342"},"modified":"2020-02-21T16:22:34","modified_gmt":"2020-02-21T21:22:34","slug":"groupes-de-discussion","status":"publish","type":"page","link":"https:\/\/www.faceopp.com\/en\/test\/groupes-de-discussion\/","title":{"rendered":"Vos plateformes d&#8217;\u00e9change"},"content":{"rendered":"<p>Les parents de FACE<br \/>\nsur Facebook[\/cs_button]Le Bazar FACE (Facebook) :<br \/>\n\u00e9changes et achat\/vente d&#8217;items[\/cs_button]Pour s&#8217;entraider au sein de la vaste communaut\u00e9 FACE, l&#8217;OPP a mis en place des plateformes d&#8217;\u00e9change : Utilisez-les pour <strong>poser des questions, \u00e9changer des informations, soulever des questions de fond, lancer des id\u00e9es de projets&#8230;<\/strong><\/p>\n<p>Elles sont un outil indispensable \u00e0 la coh\u00e9sion de notre &#8220;communaut\u00e9 FACE&#8221; ! Les sujets abord\u00e9s dans chaque groupe de discussion sont tr\u00e8s divers. Pour rester au courant de tout, soyez membre de tout \ud83d\ude09<\/p>\n<p>Notez \u00e9galement que l&#8217;OPP dispose d&#8217;un si\u00e8ge sur le Conseil d&#8217;\u00e9tablissement (sans droit de vote), et qu&#8217;elle peut donc y porter les questionnements, inqui\u00e9tudes ou id\u00e9es de projets des parents pour l&#8217;am\u00e9lioration de la vie scolaire de l&#8217;ensemble des \u00e9l\u00e8ves.<\/p>\n","protected":false},"excerpt":{"rendered":"<p>Les parents de FACE sur Facebook[\/cs_button]Le Bazar FACE (Facebook) : \u00e9changes et achat\/vente d&#8217;items[\/cs_button]Pour s&#8217;entraider au sein de la vaste communaut\u00e9 FACE, l&#8217;OPP a mis en place des plateformes d&#8217;\u00e9change : Utilisez-les pour poser des questions, \u00e9changer des informations, soulever des questions de fond, lancer des id\u00e9es de projets&#8230; Elles sont un outil indispensable \u00e0 [&hellip;]<\/p>\n","protected":false},"author":101018,"featured_media":0,"parent":5256,"menu_order":0,"comment_status":"open","ping_status":"open","template":"","meta":{"footnotes":""},"class_list":["post-5342","page","type-page","status-publish","hentry"],"_links":{"self":[{"href":"https:\/\/www.faceopp.com\/en\/wp-json\/wp\/v2\/pages\/5342","targetHints":{"allow":["GET"]}}],"collection":[{"href":"https:\/\/www.faceopp.com\/en\/wp-json\/wp\/v2\/pages"}],"about":[{"href":"https:\/\/www.faceopp.com\/en\/wp-json\/wp\/v2\/types\/page"}],"author":[{"embeddable":true,"href":"https:\/\/www.faceopp.com\/en\/wp-json\/wp\/v2\/users\/101018"}],"replies":[{"embeddable":true,"href":"https:\/\/www.faceopp.com\/en\/wp-json\/wp\/v2\/comments?post=5342"}],"version-history":[{"count":11,"href":"https:\/\/www.faceopp.com\/en\/wp-json\/wp\/v2\/pages\/5342\/revisions"}],"predecessor-version":[{"id":6923,"href":"https:\/\/www.faceopp.com\/en\/wp-json\/wp\/v2\/pages\/5342\/revisions\/6923"}],"up":[{"embeddable":true,"href":"https:\/\/www.faceopp.com\/en\/wp-json\/wp\/v2\/pages\/5256"}],"wp:attachment":[{"href":"https:\/\/www.faceopp.com\/en\/wp-json\/wp\/v2\/media?parent=5342"}],"curies":[{"name":"wp","href":"https:\/\/api.w.org\/{rel}","templated":true}]}}