{"id":5807,"date":"2015-08-31T14:23:35","date_gmt":"2015-08-31T18:23:35","guid":{"rendered":"https:\/\/www.faceopp.com\/?page_id=5807"},"modified":"2020-09-13T15:28:46","modified_gmt":"2020-09-13T19:28:46","slug":"la-cafeteria","status":"publish","type":"page","link":"https:\/\/www.faceopp.com\/en\/vie-scolaire\/la-cafeteria\/","title":{"rendered":"La caf\u00e9t\u00e9ria"},"content":{"rendered":"<p style=\"text-align: left;\">La caf\u00e9t\u00e9ria de l&#8217;\u00e9cole offre des repas \u00e0 tous les \u00e9l\u00e8ves \u00e0 partir de la 1re ann\u00e9e.<\/p>\n<p style=\"text-align: left;\"><strong>EN 2016\/2017, LE CO\u00dbT POUR 1 REPAS EST DE 4$.&nbsp; <\/strong>Pour payer, 2 options : cash (donnez \u00e0 votre enfant la somme requise, qu&#8217;il utilisera pour payer son repas \u00e0 la caisse) ou par le syst\u00e8me \u00e9lectronique &#8220;Ma Caf\u00e9t\u00e9ria&#8221; (voir ci-dessous).<\/p>\n<p>Chaque repas comporte<\/p>\n<ul>\n<li>un plat principal incluant f\u00e9culent et l\u00e9gumes OU sandwich tranch\u00e9 OU salade repas<\/li>\n<li>lait OU jus de fruits<\/li>\n<li>dessert sant\u00e9 (biscuit, muffin, yogourt, salade de fruits, etc.)<\/li>\n<\/ul>\n<p><strong>ATTENTION : le menu offert \u00e0 la caf\u00e9t\u00e9ria n&#8217;est pas exempt d&#8217;allerg\u00e8nes.<\/strong><\/p>\n<p>En d\u00e9but d&#8217;ann\u00e9e, les \u00e9l\u00e8ves re\u00e7oivent un document informatif, comportant le roulement des menus par semaines jusqu&#8217;\u00e0 la fin de l&#8217;ann\u00e9e scolaire. Certains changements peuvent survenir au cours de l&#8217;ann\u00e9e, ils sont communiqu\u00e9s via le tableau de service \u00e0 la caf\u00e9t\u00e9ria.<strong>Tous les enfants du primaire mangent \u00e0 la caf\u00e9t\u00e9ria<\/strong>, \u00e0 la 4e p\u00e9riode de la journ\u00e9e pour les 1-2-3e ann\u00e9es, et \u00e0 la 5e p\u00e9riode de la journ\u00e9e pour les 4-5-6e ann\u00e9es. Les enfants qui ont apport\u00e9 leur boite \u00e0 lunch la montent \u00e0 la caf\u00e9t\u00e9ria et s&#8217;asseyent aux tables directement, tandis que ceux qui n&#8217;ont pas de boite \u00e0 lunch font d&#8217;abord la file pour payer leur repas aupr\u00e8s des caissi\u00e8res, et vont rejoindre leurs camarades apr\u00e8s.<\/p>\n<p>Il n&#8217;y a donc aucune d\u00e9marche \u00e0 faire pour que votre enfant s&#8217;y rende : il ira de toutes fa\u00e7ons.<\/p>\n<p>Notez qu&#8217;au secondaire, les \u00e9l\u00e8ves sont libres de sortir de l&#8217;enceinte de l&#8217;\u00e9cole sur leur heure de lunch (qui correspond \u00e0 celle des 4-5-6e ann\u00e9es).Le syst\u00e8me &#8220;Ma Caf\u00e9t\u00e9ria&#8221; est <strong>un moyen pour vous de payer en ligne<\/strong> les repas que votre enfant ach\u00e8te \u00e0 la cantine. <strong>FACE n&#8217;accepte plus les ch\u00e8ques<\/strong> pour l&#8217;\u00e9tablissement d&#8217;une carte-repas.<\/p>\n<p><a href=\"http:\/\/portail.csdm.qc.ca\">Connectez-vous sur le portail de la CSDM : http:\/\/portail.csdm.qc.ca,<\/a> gr\u00e2ce \u00e0 <strong>votre adresse courriel<\/strong> (celle que vous avez donn\u00e9e \u00e0 l&#8217;\u00e9cole en d\u00e9but d&#8217;ann\u00e9e). Elle est votre identifiant de connexion.<\/p>\n<p><strong>Si vous ne connaissez pas votre mot de passe,<\/strong> suivez la proc\u00e9dure &#8220;Mot de passe oubli\u00e9&#8221;. (Notez que le courriel automatique peut prendre jusqu&#8217;\u00e0 24h pour arriver dans votre boite&#8230;)<\/p>\n<p>Sur votre page d&#8217;accueil personnalis\u00e9e, vous devriez voir, en bas \u00e0 gauche de l&#8217;\u00e9cran, le profil de chacun de vos enfants inscrits dans une \u00e9cole de la CSDM, avec le nom de son \u00e9cole \u00e0 c\u00f4t\u00e9. (Parfois il y a m\u00eame une photo de l&#8217;enfant, issue des portraits de d\u00e9but d&#8217;ann\u00e9e.)<\/p>\n<p>Une fois que vous avez v\u00e9rifi\u00e9 que tous vos enfants sont bien associ\u00e9s \u00e0 vous, vous cliquez sur &#8220;Ma Caf\u00e9t\u00e9ria&#8221; \u00e0 droite du profil de vos enfants. Vous serez redirig\u00e9-e vers le site &#8220;Ma Caf\u00e9t\u00e9ria&#8221; qui vous permettra, en suivant les instructions, de<\/p>\n<ul>\n<li>acheter des repas complets, \u00e0 l&#8217;unit\u00e9 ou par lot de 10<\/li>\n<li>et\/ou ajouter de l&#8217;argent sur la carte de votre enfant pour lui permettre plus de souplesse dans le choix de sa nourriture.<\/li>\n<\/ul>\n<p>Pour le paiement, c&#8217;est <strong>par carte de cr\u00e9dit uniquement.<\/strong><\/p>\n<p>Les cr\u00e9dits et repas achet\u00e9s sont disponibles \u00e0 votre enfant sur sa carte d\u00e8s que vous avez re\u00e7u la confirmation de paiement. Autrement dit, vous pouvez cr\u00e9diter sa carte dans la matin\u00e9e et ille aura tout de suite de quoi s&#8217;acheter un repas \u00e0 midi.<\/p>\n<p>Pour tout probl\u00e8me, n&#8217;h\u00e9sitez pas \u00e0 \u00e9crire \u00e0 <a href=\"mailto:sri.portail@csdm.qc.ca\">sri.portail@csdm.qc.ca<\/a> : les techniciens sont tr\u00e8s r\u00e9actifs.<\/p>\n<p>Sensibilisez votre enfant, surtout les plus jeunes, au fait que <strong>sa carte d&#8217;\u00e9tudiant est d\u00e9sormais une carte de paiement.<\/strong> Il doit y faire aussi attention qu&#8217;\u00e0 sa carte OPUS et sa clef de casier.Malheureusement non. Le syst\u00e8me de paiement en ligne Ma Caf\u00e9t\u00e9ria a \u00e9t\u00e9 d\u00e9velopp\u00e9 par la CSDM, pour ses \u00e9l\u00e8ves seulement. L&#8217;acc\u00e8s des parents est subordonn\u00e9 au fait que leur adresse courriel, qui est leur identifiant de connexion, soit reli\u00e9e \u00e0 un profil d&#8217;\u00e9l\u00e8ve CSDM. FACE \u00e9tait une \u00e9cole &#8220;pilote&#8221; pour la mise en place de ce syst\u00e8me en 2015\/16, et nous avons tout de suite constat\u00e9 que la sp\u00e9cificit\u00e9 de notre \u00e9cole n&#8217;avait pas \u00e9t\u00e9 prise en compte.<\/p>\n<p>Par cons\u00e9quent, les parents d&#8217;enfants inscrits au volet EMSB de Face n&#8217;ont pas acc\u00e8s pour le moment \u00e0 ce syst\u00e8me, et devront fournir de l&#8217;argent comptant \u00e0 leur enfant pour qu&#8217;ille puisse acheter un repas \u00e0 la caf\u00e9t\u00e9ria. <strong>Malheureusement, la proc\u00e9dure des ch\u00e8ques, encore en vigueur en 2015\/16, n&#8217;est \u00e9galement plus valide \u00e0 la rentr\u00e9e 2016.<\/strong> (les parents fournissaient un ch\u00e8que \u00e0 leur enfant, qu&#8217;ille d\u00e9posait dans une boite d\u00e9di\u00e9e dans la hall de l&#8217;\u00e9cole. Le lendemain, la caissi\u00e8re de la caf\u00e9t\u00e9ria lui remettait une carte de 10 repas, dont 1 &#8220;point&#8221; \u00e9tait poin\u00e7onn\u00e9 chaque jour.)<strong><br \/>\n<\/strong><\/p>\n<p><strong>Comment en est-on arriv\u00e9 l\u00e0 ?<\/strong><\/p>\n<p>La CSDM a \u00e9valu\u00e9 \u00e0 plusieurs milliers de $ le co\u00fbt de d\u00e9veloppement d&#8217;un module sp\u00e9cifique permettant d&#8217;int\u00e9grer les \u00e9l\u00e8ves EMSB. Pourquoi un prix aussi \u00e9lev\u00e9 ? Parce que les fiches d&#8217;identification de chaque \u00e9l\u00e8ve par sa commission scolaire d&#8217;appartenance sont faites sur le m\u00eame mod\u00e8le. Aussi, &#8220;fusionner&#8221; les \u00e9l\u00e8ves EMSB dans les fiches CSDM cr\u00e9erait des doublons.<\/p>\n<p>Actuellement, la EMSB refuse de prendre en charge les co\u00fbts reli\u00e9s au d\u00e9veloppement de ce module, sur la base du faible nombre d&#8217;\u00e9l\u00e8ves concern\u00e9s (il y a tout juste un peu plus de 300 \u00e9l\u00e8ves EMSB \u00e0 l&#8217;\u00e9cole).<\/p>\n<p>\u00c0 l&#8217;\u00e9cole, on nous explique que la CSDM veut simplifier au maximum ses proc\u00e9dures de comptabilit\u00e9, qui sont compliqu\u00e9es notamment par les transferts et demandes de remboursement faites \u00e0 la EMSB pour les \u00e9l\u00e8ves relevant d&#8217;elle. Ce n&#8217;est pas la premi\u00e8re fois que notre sp\u00e9cificit\u00e9 FACE-ienne ne rentre pas dans les moules d\u00e9velopp\u00e9s par les commissions scolaires.<\/p>\n<p>\u00c0 l&#8217;OPP, nous suivons ce dossier et t\u00e2chons de faire des propositions pour am\u00e9liorer l&#8217;exp\u00e9rience des familles EMSB de l&#8217;\u00e9cole. Si vous avez des id\u00e9es ou le go\u00fbt de vous impliquer, \u00e9crivez \u00e0 <a href=\"mailto:info@faceopp.com\">info@faceopp.com<\/a>. Vous pouvez par ailleurs contacter <a href=\"https:\/\/www.faceopp.com\/a-lecole-face-qui-fait-quoi\/\">vos repr\u00e9sentants \u00e9lus au conseil d&#8217;\u00e9tablissement<\/a>, qui peuvent par la suite apporter le sujet aux rencontres du Comit\u00e9 de parents EMSB. Enfin dernier recours possible, passer par <a href=\"http:\/\/www.emsb.qc.ca\/emsb_fr\/governance_fr\/commissioners.asp\">le commissaire scolaire EMSB<\/a> pour donner un poids politique \u00e0 la question.<strong>Pour faire remplacer la carte d&#8217;\u00e9tudiant<\/strong> de votre enfant, deux possibilit\u00e9s :<\/p>\n<ul>\n<li>envoyez votre enfant au secr\u00e9tariat du primaire (105) o\u00f9 il peut se faire \u00e9tablir une carte temporaire plastifi\u00e9e (et non magn\u00e9tique), qui lui permettra au moins de payer ses repas gr\u00e2ce au code \u00e0 barres<\/li>\n<li>contactez Nadine Perreault, gestionnaire administrative de l&#8217;\u00e9cole : <a href=\"mailto:perreaultna@csdm.qc.ca\">perreaultna@csdm.qc.ca<\/a> ou 514-350-8899, poste 8037 pour faire r\u00e9tablir une carte officielle.<br \/>\nATTENTION : le remplacement d&#8217;une carte perdue peut prendre plusieurs semaines et co\u00fbtera une somme forfaitaire de l&#8217;ordre de 10$.<\/li>\n<\/ul>\n<p>Votre enfant peut apporter sa boite \u00e0 lunch, ou payer cash \u00e0 la caisse de la cantine. Si vous lui donnez 4$, il pourra s&#8217;acheter un repas complet. Si vous lui donnez plus que 4$, il pourra choisir en-dehors des choix offerts pour le repas complet (voir la composition ci-haut). Certains enfants ajoutent un sandwich ou un yoghourt suppl\u00e9mentaire&#8230;<\/p>\n<p>C&#8217;est vrai que laisser son enfant de d\u00e9but du primaire se promener avec une carte \u00e9quivalant \u00e0 une carte de paiement n&#8217;est pas forc\u00e9ment tr\u00e8s s\u00e9curisant. Mais notez bien : ce syst\u00e8me ne fonctionne que dans les caf\u00e9t\u00e9rias de la CSDM. Un tiers qui trouverait une carte \u00e9gar\u00e9e quelque part ne pourrait pas en faire grand chose.Pour toute question ou commentaire sur la caf\u00e9t\u00e9ria \u00e0 FACE :<\/p>\n<ul>\n<li>Cuisine de l&#8217;\u00e9cole : 514-350-8899, poste 8020<\/li>\n<li>R\u00e9gie des services alimentaires de la CSDM : 514-596-1192, poste 6383 ou <a href=\"mailto:sa@csdm.qc.ca\">sa@csdm.qc.ca<\/a><\/li>\n<\/ul>\n","protected":false},"excerpt":{"rendered":"<p>La caf\u00e9t\u00e9ria de l&#8217;\u00e9cole offre des repas \u00e0 tous les \u00e9l\u00e8ves \u00e0 partir de la 1re ann\u00e9e. EN 2016\/2017, LE CO\u00dbT POUR 1 REPAS EST DE 4$.&nbsp; Pour payer, 2 options : cash (donnez \u00e0 votre enfant la somme requise, qu&#8217;il utilisera pour payer son repas \u00e0 la caisse) ou par le syst\u00e8me \u00e9lectronique &#8220;Ma [&hellip;]<\/p>\n","protected":false},"author":101018,"featured_media":0,"parent":5362,"menu_order":0,"comment_status":"closed","ping_status":"open","template":"","meta":{"footnotes":""},"class_list":["post-5807","page","type-page","status-publish","hentry"],"_links":{"self":[{"href":"https:\/\/www.faceopp.com\/en\/wp-json\/wp\/v2\/pages\/5807","targetHints":{"allow":["GET"]}}],"collection":[{"href":"https:\/\/www.faceopp.com\/en\/wp-json\/wp\/v2\/pages"}],"about":[{"href":"https:\/\/www.faceopp.com\/en\/wp-json\/wp\/v2\/types\/page"}],"author":[{"embeddable":true,"href":"https:\/\/www.faceopp.com\/en\/wp-json\/wp\/v2\/users\/101018"}],"replies":[{"embeddable":true,"href":"https:\/\/www.faceopp.com\/en\/wp-json\/wp\/v2\/comments?post=5807"}],"version-history":[{"count":16,"href":"https:\/\/www.faceopp.com\/en\/wp-json\/wp\/v2\/pages\/5807\/revisions"}],"predecessor-version":[{"id":7166,"href":"https:\/\/www.faceopp.com\/en\/wp-json\/wp\/v2\/pages\/5807\/revisions\/7166"}],"up":[{"embeddable":true,"href":"https:\/\/www.faceopp.com\/en\/wp-json\/wp\/v2\/pages\/5362"}],"wp:attachment":[{"href":"https:\/\/www.faceopp.com\/en\/wp-json\/wp\/v2\/media?parent=5807"}],"curies":[{"name":"wp","href":"https:\/\/api.w.org\/{rel}","templated":true}]}}