{"id":6061,"date":"2015-11-05T17:08:59","date_gmt":"2015-11-05T22:08:59","guid":{"rendered":"https:\/\/www.faceopp.com\/?page_id=6061"},"modified":"2020-09-13T15:28:51","modified_gmt":"2020-09-13T19:28:51","slug":"la-cour-decole-et-la-foret-enchantee","status":"publish","type":"page","link":"https:\/\/www.faceopp.com\/en\/vie-scolaire\/la-cour-decole-et-la-foret-enchantee\/","title":{"rendered":"La cour d&#8217;\u00e9cole et la For\u00eat enchant\u00e9e"},"content":{"rendered":"<p>Plusieurs directeurs ont d\u00e9j\u00e0 fait des demandes par le pass\u00e9, \u00e0 l\u2019effet que les deux vol\u00e9es de marches soient ferm\u00e9es en haut, afin d\u2019offrir un espace ferm\u00e9 et s\u00e9curitaire aux plus jeunes de nos \u00e9l\u00e8ves, comme c\u2019est le cas dans les autres \u00e9coles de la CSDM.<\/p>\n<p>La difficult\u00e9 principale est que le b\u00e2timent de notre \u00e9cole a une valeur patrimoniale. Autrement dit, une modification \u00e0 l\u2019apparence g\u00e9n\u00e9rale doit \u00eatre approuv\u00e9e par les fonctionnaires affect\u00e9s \u00e0 la protection des b\u00e2timents patrimoniaux de la ville. Compte-tenu du caract\u00e8re de l\u2019ensemble, toute autorisation viendrait avec des exigences de style et de qualit\u00e9 de mat\u00e9riaux, donc des co\u00fbts suppl\u00e9mentaires.<\/p>\n<p>\u00c0 l\u2019heure actuelle, il n&#8217;est pas certain que la CSDM aurait les moyens de respecter ces exigences, et malgr\u00e9 des demandes r\u00e9p\u00e9t\u00e9es \u00e0 la direction de FACE, nous n&#8217;avons pas encore r\u00e9ussi \u00e0 faire avancer cette question.Selon les moments, il peut y avoir jusqu&#8217;\u00e0 400 \u00e9l\u00e8ves en m\u00eame temps dans la cour. Ajouter des modules de jeu ou des espaces verdis est donc d\u00e9licat, car cela pourrait signifier une diminution de la surface de jeu. Il faut noter aussi que compte-tenu de la taille restreinte de la cour vs. l&#8217;intensit\u00e9 du passage, les arbres de l&#8217;\u00e9cole sont mis \u00e0 rude \u00e9preuve et leur croissance est ralentie.<\/p>\n<p>Mais des am\u00e9nagements et am\u00e9liorations sont possibles.<\/p>\n<p>En 2010, l&#8217;\u00e9cole a fait peindre des lignes de jeu sur le sol pour la premi\u00e8re fois. C&#8217;est un ajout que les plus petits appr\u00e9cient beaucoup, mais on voit l&#8217;impact des allers-retours de milliers de souliers et bottes chaque jour, sans parler du sel de d\u00e9gla\u00e7age \u00e9pandu l&#8217;hiver et des pelles de d\u00e9neigement qui raclent le sol 4 mois par an : les lignes s&#8217;effacent tr\u00e8s vite&#8230; L&#8217;\u00e9cole a fait repeindre les lignes en 2013, puis en 2016, \u00e0 chaque fois avec la participation financi\u00e8re de l&#8217;OPP \u00e0 hauteur de 1000$, via le budget discr\u00e9tionnaire de notre commissaire scolaire. Avec les coupures budg\u00e9taires en cours, ce budget n&#8217;existe plus : il faudra trouver d&#8217;autres sources de financement pour les prochaines fois.<\/p>\n<p>Par ailleurs, si on peut embellir la cour en plantant les bacs muraux de part et d&#8217;autre des escaliers, l&#8217;aspect patrimonial (encore lui) de la b\u00e2tisse interdit d&#8217;installer des modules permanents, visibles depuis la rue. C&#8217;est pourquoi les ballons-poire sont &#8220;cach\u00e9s&#8221; derri\u00e8re l&#8217;escalier du service de garde&#8230; et c&#8217;est pourquoi, aussi, il serait presque impossible d&#8217;installer des paniers de basket.<\/p>\n<p>Rampes d&#8217;acc\u00e8s pour les v\u00e9los ? Ce serait \u00e0 demander \u00e0 la CSDM. On sait que toute demande y prend beaucoup de temps&#8230; Si vous aussi vous \u00eates int\u00e9ress\u00e9-e \u00e0 r\u00e9fl\u00e9chir aux fa\u00e7ons d&#8217;am\u00e9liorer la cour, <a href=\"https:\/\/www.faceopp.com\/pages\/contacts\/\">contactez-nous<\/a> !En 2006, afin de pallier les insuffisances de la cour principale, des parents b\u00e9n\u00e9voles se sont attel\u00e9s \u00e0 mettre en valeur un terrain vacant situ\u00e9 au nord de l\u2019\u00e9cole, entre le d\u00e9partement de musique et le b\u00e2timent de la facult\u00e9 de Th\u00e9ologie de l\u2019universit\u00e9 McGill. Ce terrain appartient \u00e0 l\u2019\u00e9cole et n\u2019avait jamais \u00e9t\u00e9 utilis\u00e9. \u00c0 noter, ce terrain est encore plus petit que la cour elle-m\u00eame\u2026 Il \u00e9tait donc difficile d\u2019envisager en faire une seconde cour en compl\u00e9ment de la premi\u00e8re.<\/p>\n<p>Pour contrer les effets d&#8217;il\u00f4t de chaleur du secteur, le Comit\u00e9 environnement et patrimoine de l&#8217;\u00e9cole FACE (CEPEF) a choisi de mettre l\u2019accent, dans ce projet, sur le verdissement. Avec l\u2019aide d\u2019architectes paysagistes, le plan s\u2019est orient\u00e9 vers un paysagement \u00e0 la grandeur du terrain, comprenant des plantes, fleurs, arbustes et arbres indig\u00e8nes, et petite agora, permettant aux enseignants d\u2019aller y donner des cours en plein air.<\/p>\n<p>Apr\u00e8s de nombreux rebondissements, qui ont, \u00e0 r\u00e9p\u00e9tition, retard\u00e9 le projet ann\u00e9e apr\u00e8s ann\u00e9e (d\u00e9contamination du terrain, travaux majeurs sur le b\u00e2timent, perte de financement due aux retards accumul\u00e9s, coupures budg\u00e9taires de la CSDM, etc.), c&#8217;est l&#8217;intervention providentielle de Desjardins, qui a accord\u00e9 une subvention de plusieurs dizaines de milliers de $, qui a finalement permis au projet de se r\u00e9aliser alors que personne n&#8217;y croyait plus. Les travaux ont commenc\u00e9 \u00e0 l\u2019\u00e9t\u00e9 2014, puis ont continu\u00e9 \u00e0 l\u2019\u00e9t\u00e9 2015. La For\u00eat enchant\u00e9e, qui devait \u00eatre inaugur\u00e9e en 2012, puis 2013, puis 2014, puis en 2015, a \u00e9t\u00e9 finalement inaugur\u00e9e en juin 2016 : <a href=\"http:\/\/plateau.pamplemousse.ca\/2016\/06\/une-foret-urbaine-dans-la-cour-decole\/\">http:\/\/plateau.pamplemousse.ca\/2016\/06\/une-foret-urbaine-dans-la-cour-decole\/<\/a><\/p>\n<p>L&#8217;activit\u00e9 y a d\u00e9j\u00e0 commenc\u00e9 :<\/p>\n<ul>\n<li>depuis mi-septembre 2015,&nbsp; nous avons 15 \u00e9l\u00e8ves du secondaire qui s&#8217;affairent tous les jours \u00e0 recueillir dans des classes cibl\u00e9es de la mati\u00e8re premi\u00e8re v\u00e9g\u00e9tale pour nos deux composteurs logeant dans la cour. (ces composteurs ont \u00e9t\u00e9 offerts par la Ville)<\/li>\n<li>chaque semaine, la caf\u00e9t\u00e9ria r\u00e9serve \u00e9galement les restes des pr\u00e9parations de repas, de quoi nourrir amplement nos composteurs.<\/li>\n<\/ul>\n<p>Par ailleurs, un espace est pr\u00e9vu pour accueillir des classes en plein air \u00e0 la belle saison. Les enseignants sont invit\u00e9s \u00e0 r\u00e9server la cour pour un cr\u00e9neau horaire donn\u00e9.<\/p>\n","protected":false},"excerpt":{"rendered":"<p>Plusieurs directeurs ont d\u00e9j\u00e0 fait des demandes par le pass\u00e9, \u00e0 l\u2019effet que les deux vol\u00e9es de marches soient ferm\u00e9es en haut, afin d\u2019offrir un espace ferm\u00e9 et s\u00e9curitaire aux plus jeunes de nos \u00e9l\u00e8ves, comme c\u2019est le cas dans les autres \u00e9coles de la CSDM. La difficult\u00e9 principale est que le b\u00e2timent de notre [&hellip;]<\/p>\n","protected":false},"author":101018,"featured_media":0,"parent":5362,"menu_order":0,"comment_status":"closed","ping_status":"closed","template":"","meta":{"footnotes":""},"class_list":["post-6061","page","type-page","status-publish","hentry"],"_links":{"self":[{"href":"https:\/\/www.faceopp.com\/en\/wp-json\/wp\/v2\/pages\/6061","targetHints":{"allow":["GET"]}}],"collection":[{"href":"https:\/\/www.faceopp.com\/en\/wp-json\/wp\/v2\/pages"}],"about":[{"href":"https:\/\/www.faceopp.com\/en\/wp-json\/wp\/v2\/types\/page"}],"author":[{"embeddable":true,"href":"https:\/\/www.faceopp.com\/en\/wp-json\/wp\/v2\/users\/101018"}],"replies":[{"embeddable":true,"href":"https:\/\/www.faceopp.com\/en\/wp-json\/wp\/v2\/comments?post=6061"}],"version-history":[{"count":6,"href":"https:\/\/www.faceopp.com\/en\/wp-json\/wp\/v2\/pages\/6061\/revisions"}],"predecessor-version":[{"id":7167,"href":"https:\/\/www.faceopp.com\/en\/wp-json\/wp\/v2\/pages\/6061\/revisions\/7167"}],"up":[{"embeddable":true,"href":"https:\/\/www.faceopp.com\/en\/wp-json\/wp\/v2\/pages\/5362"}],"wp:attachment":[{"href":"https:\/\/www.faceopp.com\/en\/wp-json\/wp\/v2\/media?parent=6061"}],"curies":[{"name":"wp","href":"https:\/\/api.w.org\/{rel}","templated":true}]}}