{"id":6865,"date":"2020-01-02T15:17:28","date_gmt":"2020-01-02T20:17:28","guid":{"rendered":"https:\/\/www.faceopp.com\/?page_id=6865"},"modified":"2021-01-29T21:47:25","modified_gmt":"2021-01-30T02:47:25","slug":"projet-de-bienveillance","status":"publish","type":"page","link":"https:\/\/www.faceopp.com\/en\/projet-de-bienveillance\/","title":{"rendered":"PROJET DE BIENVEILLANCE"},"content":{"rendered":"<p>Voir aussi: \u00a0 \u00a0<a href=\"https:\/\/faceopp.com\/la-bienveillance-a-la-maison-aussi\/\">La Bienveillance \u00e0 la maison&#8230;<\/a><\/p>\n<h1><strong>L&#8217;OPP est engag\u00e9 dans le projet de bienveillance<\/strong><\/h1>\n<p>D&#8217;ailleurs, nous avons pr\u00e9sent\u00e9 le projet de <a href=\"https:\/\/www.faceopp.com\/wp-content\/uploads\/2020\/01\/Projet-Code-de-vie.pdf\"><strong>Code de Vie en Action<\/strong><\/a> qui a \u00e9t\u00e9 pr\u00e9sent\u00e9 \u00e0 la Directrice et au Conseil d&#8217;\u00c9tablissement en <strong>2018-2019<\/strong>.<\/p>\n<h4>En <strong>2020-2021<\/strong>, des \u00e9l\u00e8ves ont mis des\u00a0<strong>affiches de Tel-Jeune et Kids Helpline<\/strong>\u00a0les toilettes de l&#8217;\u00e9cole.<\/h4>\n<p><a href=\"https:\/\/www.faceopp.com\/wp-content\/uploads\/2020\/01\/78181003_10218436724848347_3702769731984424960_o.jpg\"><img loading=\"lazy\" decoding=\"async\" class=\"alignnone size-medium wp-image-6868\" src=\"https:\/\/www.faceopp.com\/wp-content\/uploads\/2020\/01\/78181003_10218436724848347_3702769731984424960_o-300x150.jpg\" alt=\"\" width=\"300\" height=\"150\" srcset=\"https:\/\/www.faceopp.com\/wp-content\/uploads\/2020\/01\/78181003_10218436724848347_3702769731984424960_o-300x150.jpg 300w, https:\/\/www.faceopp.com\/wp-content\/uploads\/2020\/01\/78181003_10218436724848347_3702769731984424960_o-768x384.jpg 768w, https:\/\/www.faceopp.com\/wp-content\/uploads\/2020\/01\/78181003_10218436724848347_3702769731984424960_o.jpg 960w\" sizes=\"auto, (max-width: 300px) 100vw, 300px\" \/><\/a><\/p>\n<h4>En <strong>d\u00e9cembre 2019<\/strong>, nous avons cr\u00e9er <strong>notre premier<\/strong>\u00a0<strong>arbre de bienveillance<\/strong> dans le couloir (proche du local 105).<\/h4>\n<p><a href=\"https:\/\/www.faceopp.com\/wp-content\/uploads\/2021\/01\/20210125_081537-scaled.jpg\"><img loading=\"lazy\" decoding=\"async\" class=\"alignnone size-medium wp-image-7660\" src=\"https:\/\/www.faceopp.com\/wp-content\/uploads\/2021\/01\/20210125_081537-225x300.jpg\" alt=\"\" width=\"225\" height=\"300\" srcset=\"https:\/\/www.faceopp.com\/wp-content\/uploads\/2021\/01\/20210125_081537-225x300.jpg 225w, https:\/\/www.faceopp.com\/wp-content\/uploads\/2021\/01\/20210125_081537-768x1024.jpg 768w, https:\/\/www.faceopp.com\/wp-content\/uploads\/2021\/01\/20210125_081537-1152x1536.jpg 1152w, https:\/\/www.faceopp.com\/wp-content\/uploads\/2021\/01\/20210125_081537-1536x2048.jpg 1536w, https:\/\/www.faceopp.com\/wp-content\/uploads\/2021\/01\/20210125_081537-scaled.jpg 1920w\" sizes=\"auto, (max-width: 225px) 100vw, 225px\" \/><\/a><\/p>\n<h4>En 2021 nous avons rajout\u00e9 un nouvel arbre et une mini for\u00eat d&#8217;arbres de bienveillance. Pour faire fleurir les arbres -il faut y inscrire une bonne action accomplie et-ou un remerciement pour une bonne action re\u00e7ue.<\/h4>\n<p><a href=\"https:\/\/www.faceopp.com\/wp-content\/uploads\/2021\/01\/20210125_082411-scaled.jpg\"><img loading=\"lazy\" decoding=\"async\" class=\"alignnone  wp-image-7661\" src=\"https:\/\/www.faceopp.com\/wp-content\/uploads\/2021\/01\/20210125_082411-300x225.jpg\" alt=\"\" width=\"235\" height=\"176\" srcset=\"https:\/\/www.faceopp.com\/wp-content\/uploads\/2021\/01\/20210125_082411-300x225.jpg 300w, https:\/\/www.faceopp.com\/wp-content\/uploads\/2021\/01\/20210125_082411-1024x768.jpg 1024w, https:\/\/www.faceopp.com\/wp-content\/uploads\/2021\/01\/20210125_082411-768x576.jpg 768w, https:\/\/www.faceopp.com\/wp-content\/uploads\/2021\/01\/20210125_082411-1536x1152.jpg 1536w, https:\/\/www.faceopp.com\/wp-content\/uploads\/2021\/01\/20210125_082411-2048x1536.jpg 2048w\" sizes=\"auto, (max-width: 235px) 100vw, 235px\" \/><\/a><a href=\"https:\/\/www.faceopp.com\/wp-content\/uploads\/2021\/01\/20210125_081209-scaled.jpg\"><img loading=\"lazy\" decoding=\"async\" class=\"alignnone  wp-image-7659\" src=\"https:\/\/www.faceopp.com\/wp-content\/uploads\/2021\/01\/20210125_081209-300x225.jpg\" alt=\"\" width=\"235\" height=\"176\" srcset=\"https:\/\/www.faceopp.com\/wp-content\/uploads\/2021\/01\/20210125_081209-300x225.jpg 300w, https:\/\/www.faceopp.com\/wp-content\/uploads\/2021\/01\/20210125_081209-1024x768.jpg 1024w, https:\/\/www.faceopp.com\/wp-content\/uploads\/2021\/01\/20210125_081209-768x576.jpg 768w, https:\/\/www.faceopp.com\/wp-content\/uploads\/2021\/01\/20210125_081209-1536x1152.jpg 1536w, https:\/\/www.faceopp.com\/wp-content\/uploads\/2021\/01\/20210125_081209-2048x1536.jpg 2048w\" sizes=\"auto, (max-width: 235px) 100vw, 235px\" \/><\/a><\/p>\n<h4>En 2021, les \u00e9l\u00e8ves continuerons de mettre des fabuleuses affiches d&#8217;\u00c9lise Gravel dans notre belle \u00e9cole!!<\/h4>\n<p><a href=\"https:\/\/www.faceopp.com\/wp-content\/uploads\/2020\/01\/81565890_1997635947048253_474754423495589888_o-e1578708247176.jpg\"><img loading=\"lazy\" decoding=\"async\" class=\"alignnone size-medium wp-image-6902\" src=\"https:\/\/www.faceopp.com\/wp-content\/uploads\/2020\/01\/81565890_1997635947048253_474754423495589888_o-e1578708247176-300x146.jpg\" alt=\"\" width=\"300\" height=\"146\" srcset=\"https:\/\/www.faceopp.com\/wp-content\/uploads\/2020\/01\/81565890_1997635947048253_474754423495589888_o-e1578708247176-300x146.jpg 300w, https:\/\/www.faceopp.com\/wp-content\/uploads\/2020\/01\/81565890_1997635947048253_474754423495589888_o-e1578708247176-768x373.jpg 768w, https:\/\/www.faceopp.com\/wp-content\/uploads\/2020\/01\/81565890_1997635947048253_474754423495589888_o-e1578708247176.jpg 950w\" sizes=\"auto, (max-width: 300px) 100vw, 300px\" \/><\/a><\/p>\n<h4>Nous offrons <strong>des ateliers de bienveillance en classe et des sessions de m\u00e9ditation<\/strong>.<\/h4>\n<p>C&#8217;est une occasion pour que les \u00e9l\u00e8ves participent \u00e0 une discussion honn\u00eate et ouverte tout en trouvant des solutions bienveillantes.<\/p>\n<h4>Le <strong>24 f\u00e9vrier 2020<\/strong>, c&#8217;est <strong><a href=\"https:\/\/www.croixrouge.ca\/histoire\/objets\/chandail-de-la-journee-du-chandail-rose-de-la-croix-rouge-canadienne\">la journ\u00e9e du chandail rose <\/a><\/strong>contre l&#8217;intimidation on porte du rose !<\/h4>\n<p>il est tr\u00e8s important de raconter la raison que la journ\u00e9e rose existe&#8230; c&#8217;est-\u00e0-dire que c&#8217;est bas\u00e9 sur un vrai cas&#8230; (cliquez sur le lien ci-haut). On peut ensuite poser des questions \u00e0 notre enfant: &#8216;comment tu te sentirais toi, si tu \u00e9tais fier de porter ton haut pr\u00e9f\u00e9r\u00e9 et qu&#8217;une fois \u00e0 l&#8217;\u00e9cole les autres t&#8217;humiliaient, se moquaient de toi, te rejetaient et m\u00eame te faisaient mal par expr\u00e8s? et &#8216;penses tu qu&#8217;on m\u00e9rite de se faire traiter ainsi parce qu&#8217;on est diff\u00e9rents des autres?&#8230; et partager notre opinion en transmettant nos valeurs &#8216;moi, je crois que tout le monde doit \u00eatre trait\u00e9 avec respect&#8230;&#8217; et m\u00eame partag\u00e9 nos propres v\u00e9cues &#8216;moi, quand j&#8217;\u00e9tais jeune, il m&#8217;est arriv\u00e9e&#8230;.&#8217; La journ\u00e9e chandail rose est une occasion unique pour pouvoir aborder ses sujets tellement importants et pour transmettre les valeurs de respect, de tol\u00e9rance et d&#8217;ouverture envers la diversit\u00e9&#8230; pour mieux vivre ensemble&#8230;<\/p>\n<div style=\"width: 1920px;\" class=\"wp-video\"><!--[if lt IE 9]><script>document.createElement('video');<\/script><![endif]-->\n<video class=\"wp-video-shortcode\" id=\"video-6865-1\" width=\"1920\" height=\"1080\" preload=\"metadata\" controls=\"controls\"><source type=\"video\/mp4\" src=\"https:\/\/www.faceopp.com\/wp-content\/uploads\/2021\/01\/pink-shirt-day-promo-1.mp4?_=1\" \/><a href=\"https:\/\/www.faceopp.com\/wp-content\/uploads\/2021\/01\/pink-shirt-day-promo-1.mp4\">https:\/\/www.faceopp.com\/wp-content\/uploads\/2021\/01\/pink-shirt-day-promo-1.mp4<\/a><\/video><\/div>\n<h4>En f\u00e9vrier 2021, chaque \u00e9l\u00e8ve aura la promesse suivante:<\/h4>\n<p><span style=\"color: #339966;\"><strong>FACE\u00a0n\u2019est\u00a0pas seulement mon \u00e9cole des beaux-arts, mais\u00a0c&#8217;est\u00a0aussi ma communaut\u00e9.\u00a0 C&#8217;est un endroit <\/strong><strong>o\u00f9 les \u00e9l\u00e8ves sont respectueux, bienveillants et s&#8217;entre-aident.\u00a0 Voici comment je peux c\u00e9l\u00e9brer l&#8217;esprit FACE:\u00a0<\/strong><\/span><\/p>\n<ul>\n<li><span style=\"color: #339966;\">J&#8217;encourage un-e \u00e9l\u00e8ve qui est d\u00e9courag\u00e9-e\u00a0<\/span><\/li>\n<li><span style=\"color: #339966;\">Pour ma pause de midi, j\u2019offre de m\u2019asseoir\u00a0avec quelqu&#8217;un qui est seul<\/span><\/li>\n<li><span style=\"color: #339966;\">Je suis \u00e0 l&#8217;\u00e9coute et j\u2019offre mon aide \u00e0 une personne en d\u00e9tresse<\/span><\/li>\n<li><span style=\"color: #339966;\">J\u2019aide les autres autant que je peux<\/span><\/li>\n<li><span style=\"color: #339966;\">Je fais de bonnes actions chaque jour!<\/span><\/li>\n<\/ul>\n<p><span style=\"color: #339966;\"><strong>En tant qu&#8217;\u00e9l\u00e8ve \u00e0 FACE, je m&#8217;engage \u00e0:<\/strong><\/span><\/p>\n<p><span style=\"color: #339966;\">1) Me respecter et respecter les autres<\/span><\/p>\n<p><span style=\"color: #339966;\">2) \u00catre bienveillant-e envers une personne qui subit de l&#8217;intimidation, qui est exclue ou souvent taquin\u00e9e<\/span><\/p>\n<p><span style=\"color: #339966;\">3) D\u00e9noncer l&#8217;intimidation\u00a0<\/span><\/p>\n<p><span style=\"color: #339966;\">4) Chercher de l&#8217;aide quand une situation d\u00e9g\u00e9n\u00e8re<\/span><\/p>\n<p><span style=\"color: #339966;\">5) Aviser le bureau lorsque je t\u00e9moigne un incident d&#8217;intimidation.<\/span><\/p>\n<p><span style=\"color: #339966;\">SIGNATURE ____________________________________ DATE\u00a0__________________<\/span><\/p>\n<p>Reste que nous esp\u00e9rons que les \u00e9l\u00e8ves voudront entreprendre le mouvement de bienveillance -puisque la bienveillance sera seulement efficace si les \u00e9l\u00e8ves m\u00eames s&#8217;impliquent &#8211; donc en tant que parent- <strong>parlez-en avec vos enfants aussi<\/strong> !<\/p>\n","protected":false},"excerpt":{"rendered":"<p>Voir aussi: \u00a0 \u00a0La Bienveillance \u00e0 la maison&#8230; L&#8217;OPP est engag\u00e9 dans le projet de bienveillance D&#8217;ailleurs, nous avons pr\u00e9sent\u00e9 le projet de Code de Vie en Action qui a \u00e9t\u00e9 pr\u00e9sent\u00e9 \u00e0 la Directrice et au Conseil d&#8217;\u00c9tablissement en 2018-2019. En 2020-2021, des \u00e9l\u00e8ves ont mis des\u00a0affiches de Tel-Jeune et Kids Helpline\u00a0les toilettes de [&hellip;]<\/p>\n","protected":false},"author":101018,"featured_media":0,"parent":0,"menu_order":0,"comment_status":"closed","ping_status":"closed","template":"","meta":{"footnotes":""},"class_list":["post-6865","page","type-page","status-publish","hentry"],"_links":{"self":[{"href":"https:\/\/www.faceopp.com\/en\/wp-json\/wp\/v2\/pages\/6865","targetHints":{"allow":["GET"]}}],"collection":[{"href":"https:\/\/www.faceopp.com\/en\/wp-json\/wp\/v2\/pages"}],"about":[{"href":"https:\/\/www.faceopp.com\/en\/wp-json\/wp\/v2\/types\/page"}],"author":[{"embeddable":true,"href":"https:\/\/www.faceopp.com\/en\/wp-json\/wp\/v2\/users\/101018"}],"replies":[{"embeddable":true,"href":"https:\/\/www.faceopp.com\/en\/wp-json\/wp\/v2\/comments?post=6865"}],"version-history":[{"count":18,"href":"https:\/\/www.faceopp.com\/en\/wp-json\/wp\/v2\/pages\/6865\/revisions"}],"predecessor-version":[{"id":7670,"href":"https:\/\/www.faceopp.com\/en\/wp-json\/wp\/v2\/pages\/6865\/revisions\/7670"}],"wp:attachment":[{"href":"https:\/\/www.faceopp.com\/en\/wp-json\/wp\/v2\/media?parent=6865"}],"curies":[{"name":"wp","href":"https:\/\/api.w.org\/{rel}","templated":true}]}}